{"id":2512,"date":"2023-02-25T12:03:36","date_gmt":"2023-02-25T09:03:36","guid":{"rendered":"https:\/\/atatranslogistics.com\/haberler-gundem-en\/"},"modified":"2023-04-16T16:04:41","modified_gmt":"2023-04-16T13:04:41","slug":"haberler-gundem-en","status":"publish","type":"page","link":"https:\/\/atatranslogistics.com\/en\/haberler-gundem-en\/","title":{"rendered":"Haberler\/G\u00fcndem &#8211; EN"},"content":{"rendered":"\t\t<div data-elementor-type=\"wp-page\" data-elementor-id=\"2512\" class=\"elementor elementor-2512 elementor-31\">\n\t\t\t\t\t\t\t\t\t<section class=\"elementor-section elementor-top-section elementor-element elementor-element-54afa5d2 elementor-section-stretched elementor-section-height-min-height elementor-section-content-middle elementor-section-boxed elementor-section-height-default elementor-section-items-middle\" data-id=\"54afa5d2\" data-element_type=\"section\" data-settings=\"{&quot;stretch_section&quot;:&quot;section-stretched&quot;,&quot;background_background&quot;:&quot;classic&quot;}\">\n\t\t\t\t\t\t\t<div class=\"elementor-background-overlay\"><\/div>\n\t\t\t\t\t\t\t<div class=\"elementor-container elementor-column-gap-no\">\n\t\t\t\t\t<div class=\"elementor-column elementor-col-100 elementor-top-column elementor-element elementor-element-a8dc75e\" data-id=\"a8dc75e\" data-element_type=\"column\">\n\t\t\t<div class=\"elementor-widget-wrap elementor-element-populated\">\n\t\t\t\t\t\t\t\t<div class=\"elementor-element elementor-element-1efd1bb1 elementor-widget elementor-widget-heading\" data-id=\"1efd1bb1\" data-element_type=\"widget\" data-widget_type=\"heading.default\">\n\t\t\t\t<div class=\"elementor-widget-container\">\n\t\t\t<style>\/*! elementor - v3.11.5 - 14-03-2023 *\/\n.elementor-heading-title{padding:0;margin:0;line-height:1}.elementor-widget-heading .elementor-heading-title[class*=elementor-size-]>a{color:inherit;font-size:inherit;line-height:inherit}.elementor-widget-heading .elementor-heading-title.elementor-size-small{font-size:15px}.elementor-widget-heading .elementor-heading-title.elementor-size-medium{font-size:19px}.elementor-widget-heading .elementor-heading-title.elementor-size-large{font-size:29px}.elementor-widget-heading .elementor-heading-title.elementor-size-xl{font-size:39px}.elementor-widget-heading .elementor-heading-title.elementor-size-xxl{font-size:59px}<\/style><h2 class=\"elementor-heading-title elementor-size-default\">Atatrans News<\/h2>\t\t<\/div>\n\t\t\t\t<\/div>\n\t\t\t\t<div class=\"elementor-element elementor-element-7c08591f elementor-widget elementor-widget-heading\" data-id=\"7c08591f\" data-element_type=\"widget\" data-widget_type=\"heading.default\">\n\t\t\t\t<div class=\"elementor-widget-container\">\n\t\t\t<h2 class=\"elementor-heading-title elementor-size-default\">What is Going on?<\/h2>\t\t<\/div>\n\t\t\t\t<\/div>\n\t\t\t\t\t<\/div>\n\t\t<\/div>\n\t\t\t\t\t\t\t<\/div>\n\t\t<\/section>\n\t\t\t\t<section class=\"elementor-section elementor-top-section elementor-element elementor-element-29a52d8 elementor-section-boxed elementor-section-height-default elementor-section-height-default\" data-id=\"29a52d8\" data-element_type=\"section\">\n\t\t\t\t\t\t<div class=\"elementor-container elementor-column-gap-default\">\n\t\t\t\t\t<div class=\"elementor-column elementor-col-100 elementor-top-column elementor-element elementor-element-5fac269\" data-id=\"5fac269\" data-element_type=\"column\">\n\t\t\t<div class=\"elementor-widget-wrap elementor-element-populated\">\n\t\t\t\t\t\t\t\t<div class=\"elementor-element elementor-element-4054f9d elementor-widget elementor-widget-elementskit-blog-posts\" data-id=\"4054f9d\" data-element_type=\"widget\" data-widget_type=\"elementskit-blog-posts.default\">\n\t\t\t\t<div class=\"elementor-widget-container\">\n\t\t\t<div class=\"ekit-wid-con\" >        <div id=\"post-items--4054f9d\" class=\"row post-items\">\n                    <div class=\"col-md-12\">\n\n                                    <div class=\"elementskit-blog-block-post\">\n                        <div class=\"row no-gutters\">\n                                                            <div class=\"col-md-6 order-1\">\n                                    <a href=\"https:\/\/atatranslogistics.com\/en\/national-and-bonded-warehousing-services\/\" class=\"elementskit-entry-thumb\">\n                                        <img decoding=\"async\" src=\"https:\/\/atatranslogistics.com\/wp-content\/uploads\/2023\/03\/samsunport-1024x577.png\" alt=\"National and Bonded Warehousing Services\">\n                                    <\/a><!-- .elementskit-entry-thumb END -->\n                                <\/div>\n                            \n                            <div class=\"col-md-6 order-2\">\n                                <div class=\"elementskit-post-body \">\n                                    <div class=\"elementskit-entry-header\">\n                                        \n                                                                                            \t\t\t\t\t                                            \n                                            \n                                                                                            \t\t\t\t<h2 class=\"entry-title\">\n\t\t\t\t\t<a href=\"https:\/\/atatranslogistics.com\/en\/national-and-bonded-warehousing-services\/\">\n\t\t\t\t\t\tNational and Bonded Warehousing Services\t\t\t\t\t<\/a>\n\t\t\t\t<\/h2>\n\t\t\t                                                                                <\/div><!-- .elementskit-entry-header END -->\n\n                                                                            <div class=\"elementskit-post-footer\">\n                                                                                            <p>NATIONAL and BONDED WAREHOUSE SERVICES AtaTrans, with its deep-rooted experience in the sector and its expert operational power, stacks products (bulk, mining, block marble, iron and steel products, bales, parcels, big bags, rolls, bundles of sheet metal, etc.) in both national and bonded warehouses in specially designated areas. and according to the demands of the [&hellip;]<\/p>\n                                                                                                                                <\/div><!-- .elementskit-post-footer END -->\n                                                                    <\/div><!-- .elementskit-post-body END -->\n                            <\/div>\n                        <\/div>\n                    <\/div><!-- .elementskit-blog-block-post .radius .gradient-bg END -->\n                \n            <\/div>\n                <\/div>\n       <\/div>\t\t<\/div>\n\t\t\t\t<\/div>\n\t\t\t\t\t<\/div>\n\t\t<\/div>\n\t\t\t\t\t\t\t<\/div>\n\t\t<\/section>\n\t\t\t\t\t\t\t<\/div>\n\t\t","protected":false},"excerpt":{"rendered":"<p>Atatrans News What is Going on? Samsun Liman Depo ve Antrepo Kiralama Hizmetleri Samsun&#8217;un \u00d6nc\u00fc Lojistik Firmas\u0131 &#8211; Atatrans Logistics Lojistik sekt\u00f6r\u00fc, g\u00fcn\u00fcm\u00fcz\u00fcn h\u0131zl\u0131 tempolu ticaret d\u00fcnyas\u0131nda vazge\u00e7ilmez bir role sahiptir. \u00dcr\u00fcnlerin zaman\u0131nda ve g\u00fcvenli bir \u015fekilde m\u00fc\u015fterilere ula\u015ft\u0131r\u0131lmas\u0131, i\u015fletmelerin ba\u015far\u0131s\u0131 i\u00e7in kritik bir fakt\u00f6rd\u00fcr. Bu \u00f6nemli s\u00fcreci y\u00f6neten ve m\u00fc\u015fterilerine g\u00fcvenilir hizmetler sunan bir [&hellip;]<\/p>\n","protected":false},"author":1,"featured_media":0,"parent":0,"menu_order":0,"comment_status":"closed","ping_status":"closed","template":"","meta":{"footnotes":""},"class_list":["post-2512","page","type-page","status-publish","hentry"],"yoast_head":"<!-- This site is optimized with the Yoast SEO Premium plugin v20.2.1 (Yoast SEO v20.3) - https:\/\/yoast.com\/wordpress\/plugins\/seo\/ -->\n<title>Haberler\/G\u00fcndem - EN - Atatrans Logistics XR<\/title>\n<meta name=\"robots\" content=\"index, follow, max-snippet:-1, max-image-preview:large, max-video-preview:-1\" \/>\n<link rel=\"canonical\" href=\"https:\/\/atatranslogistics.com\/en\/haberler-gundem-en\/\" \/>\n<meta property=\"og:locale\" content=\"en_US\" \/>\n<meta property=\"og:type\" content=\"article\" \/>\n<meta property=\"og:title\" content=\"Haberler\/G\u00fcndem - EN - Atatrans Logistics XR\" \/>\n<meta property=\"og:description\" content=\"Atatrans News What is Going on? Samsun Liman Depo ve Antrepo Kiralama Hizmetleri Samsun&#8217;un \u00d6nc\u00fc Lojistik Firmas\u0131 &#8211; Atatrans Logistics Lojistik sekt\u00f6r\u00fc, g\u00fcn\u00fcm\u00fcz\u00fcn h\u0131zl\u0131 tempolu ticaret d\u00fcnyas\u0131nda vazge\u00e7ilmez bir role sahiptir. \u00dcr\u00fcnlerin zaman\u0131nda ve g\u00fcvenli bir \u015fekilde m\u00fc\u015fterilere ula\u015ft\u0131r\u0131lmas\u0131, i\u015fletmelerin ba\u015far\u0131s\u0131 i\u00e7in kritik bir fakt\u00f6rd\u00fcr. Bu \u00f6nemli s\u00fcreci y\u00f6neten ve m\u00fc\u015fterilerine g\u00fcvenilir hizmetler sunan bir [&hellip;]\" \/>\n<meta property=\"og:url\" content=\"https:\/\/atatranslogistics.com\/en\/haberler-gundem-en\/\" \/>\n<meta property=\"og:site_name\" content=\"Atatrans Logistics XR\" \/>\n<meta property=\"article:modified_time\" content=\"2023-04-16T13:04:41+00:00\" \/>\n<meta property=\"og:image\" content=\"https:\/\/atatranslogistics.com\/wp-content\/uploads\/2023\/03\/shipping-and-transportation1-1024x510.png\" \/>\n<meta name=\"twitter:card\" content=\"summary_large_image\" \/>\n<meta name=\"twitter:label1\" content=\"Est. reading time\" \/>\n\t<meta name=\"twitter:data1\" content=\"1 minute\" \/>\n<script type=\"application\/ld+json\" class=\"yoast-schema-graph\">{\"@context\":\"https:\/\/schema.org\",\"@graph\":[{\"@type\":\"WebPage\",\"@id\":\"https:\/\/atatranslogistics.com\/en\/haberler-gundem-en\/\",\"url\":\"https:\/\/atatranslogistics.com\/en\/haberler-gundem-en\/\",\"name\":\"Haberler\/G\u00fcndem - EN - Atatrans Logistics XR\",\"isPartOf\":{\"@id\":\"https:\/\/atatranslogistics.com\/en\/#website\"},\"datePublished\":\"2023-02-25T09:03:36+00:00\",\"dateModified\":\"2023-04-16T13:04:41+00:00\",\"inLanguage\":\"en-US\",\"potentialAction\":[{\"@type\":\"ReadAction\",\"target\":[\"https:\/\/atatranslogistics.com\/en\/haberler-gundem-en\/\"]}]},{\"@type\":\"WebSite\",\"@id\":\"https:\/\/atatranslogistics.com\/en\/#website\",\"url\":\"https:\/\/atatranslogistics.com\/en\/\",\"name\":\"Atatrans Logistics XR\",\"description\":\"\",\"potentialAction\":[{\"@type\":\"SearchAction\",\"target\":{\"@type\":\"EntryPoint\",\"urlTemplate\":\"https:\/\/atatranslogistics.com\/en\/?s={search_term_string}\"},\"query-input\":\"required name=search_term_string\"}],\"inLanguage\":\"en-US\"}]}<\/script>\n<!-- \/ Yoast SEO Premium plugin. -->","yoast_head_json":{"title":"Haberler\/G\u00fcndem - EN - Atatrans Logistics XR","robots":{"index":"index","follow":"follow","max-snippet":"max-snippet:-1","max-image-preview":"max-image-preview:large","max-video-preview":"max-video-preview:-1"},"canonical":"https:\/\/atatranslogistics.com\/en\/haberler-gundem-en\/","og_locale":"en_US","og_type":"article","og_title":"Haberler\/G\u00fcndem - EN - Atatrans Logistics XR","og_description":"Atatrans News What is Going on? Samsun Liman Depo ve Antrepo Kiralama Hizmetleri Samsun&#8217;un \u00d6nc\u00fc Lojistik Firmas\u0131 &#8211; Atatrans Logistics Lojistik sekt\u00f6r\u00fc, g\u00fcn\u00fcm\u00fcz\u00fcn h\u0131zl\u0131 tempolu ticaret d\u00fcnyas\u0131nda vazge\u00e7ilmez bir role sahiptir. \u00dcr\u00fcnlerin zaman\u0131nda ve g\u00fcvenli bir \u015fekilde m\u00fc\u015fterilere ula\u015ft\u0131r\u0131lmas\u0131, i\u015fletmelerin ba\u015far\u0131s\u0131 i\u00e7in kritik bir fakt\u00f6rd\u00fcr. Bu \u00f6nemli s\u00fcreci y\u00f6neten ve m\u00fc\u015fterilerine g\u00fcvenilir hizmetler sunan bir [&hellip;]","og_url":"https:\/\/atatranslogistics.com\/en\/haberler-gundem-en\/","og_site_name":"Atatrans Logistics XR","article_modified_time":"2023-04-16T13:04:41+00:00","og_image":[{"url":"https:\/\/atatranslogistics.com\/wp-content\/uploads\/2023\/03\/shipping-and-transportation1-1024x510.png"}],"twitter_card":"summary_large_image","twitter_misc":{"Est. reading time":"1 minute"},"schema":{"@context":"https:\/\/schema.org","@graph":[{"@type":"WebPage","@id":"https:\/\/atatranslogistics.com\/en\/haberler-gundem-en\/","url":"https:\/\/atatranslogistics.com\/en\/haberler-gundem-en\/","name":"Haberler\/G\u00fcndem - EN - Atatrans Logistics XR","isPartOf":{"@id":"https:\/\/atatranslogistics.com\/en\/#website"},"datePublished":"2023-02-25T09:03:36+00:00","dateModified":"2023-04-16T13:04:41+00:00","inLanguage":"en-US","potentialAction":[{"@type":"ReadAction","target":["https:\/\/atatranslogistics.com\/en\/haberler-gundem-en\/"]}]},{"@type":"WebSite","@id":"https:\/\/atatranslogistics.com\/en\/#website","url":"https:\/\/atatranslogistics.com\/en\/","name":"Atatrans Logistics XR","description":"","potentialAction":[{"@type":"SearchAction","target":{"@type":"EntryPoint","urlTemplate":"https:\/\/atatranslogistics.com\/en\/?s={search_term_string}"},"query-input":"required name=search_term_string"}],"inLanguage":"en-US"}]}},"_links":{"self":[{"href":"https:\/\/atatranslogistics.com\/en\/wp-json\/wp\/v2\/pages\/2512","targetHints":{"allow":["GET"]}}],"collection":[{"href":"https:\/\/atatranslogistics.com\/en\/wp-json\/wp\/v2\/pages"}],"about":[{"href":"https:\/\/atatranslogistics.com\/en\/wp-json\/wp\/v2\/types\/page"}],"author":[{"embeddable":true,"href":"https:\/\/atatranslogistics.com\/en\/wp-json\/wp\/v2\/users\/1"}],"replies":[{"embeddable":true,"href":"https:\/\/atatranslogistics.com\/en\/wp-json\/wp\/v2\/comments?post=2512"}],"version-history":[{"count":4,"href":"https:\/\/atatranslogistics.com\/en\/wp-json\/wp\/v2\/pages\/2512\/revisions"}],"predecessor-version":[{"id":3116,"href":"https:\/\/atatranslogistics.com\/en\/wp-json\/wp\/v2\/pages\/2512\/revisions\/3116"}],"wp:attachment":[{"href":"https:\/\/atatranslogistics.com\/en\/wp-json\/wp\/v2\/media?parent=2512"}],"curies":[{"name":"wp","href":"https:\/\/api.w.org\/{rel}","templated":true}]}}