{"id":2516,"date":"2023-02-25T12:03:36","date_gmt":"2023-02-25T09:03:36","guid":{"rendered":"https:\/\/atatranslogistics.com\/haberler-gundem-ru\/"},"modified":"2023-03-20T23:23:08","modified_gmt":"2023-03-20T20:23:08","slug":"haberler-gundem-ru","status":"publish","type":"page","link":"https:\/\/atatranslogistics.com\/ru\/haberler-gundem-ru\/","title":{"rendered":"Haberler\/G\u00fcndem &#8212; RU"},"content":{"rendered":"\t\t<div data-elementor-type=\"wp-page\" data-elementor-id=\"2516\" class=\"elementor elementor-2516 elementor-31\">\n\t\t\t\t\t\t\t\t\t<section class=\"elementor-section elementor-top-section elementor-element elementor-element-54afa5d2 elementor-section-stretched elementor-section-height-min-height elementor-section-content-middle elementor-section-boxed elementor-section-height-default elementor-section-items-middle\" data-id=\"54afa5d2\" data-element_type=\"section\" data-settings=\"{&quot;stretch_section&quot;:&quot;section-stretched&quot;,&quot;background_background&quot;:&quot;classic&quot;}\">\n\t\t\t\t\t\t\t<div class=\"elementor-background-overlay\"><\/div>\n\t\t\t\t\t\t\t<div class=\"elementor-container elementor-column-gap-no\">\n\t\t\t\t\t<div class=\"elementor-column elementor-col-100 elementor-top-column elementor-element elementor-element-a8dc75e\" data-id=\"a8dc75e\" data-element_type=\"column\">\n\t\t\t<div class=\"elementor-widget-wrap elementor-element-populated\">\n\t\t\t\t\t\t\t\t<div class=\"elementor-element elementor-element-1efd1bb1 elementor-widget elementor-widget-heading\" data-id=\"1efd1bb1\" data-element_type=\"widget\" data-widget_type=\"heading.default\">\n\t\t\t\t<div class=\"elementor-widget-container\">\n\t\t\t<style>\/*! elementor - v3.11.5 - 14-03-2023 *\/\n.elementor-heading-title{padding:0;margin:0;line-height:1}.elementor-widget-heading .elementor-heading-title[class*=elementor-size-]>a{color:inherit;font-size:inherit;line-height:inherit}.elementor-widget-heading .elementor-heading-title.elementor-size-small{font-size:15px}.elementor-widget-heading .elementor-heading-title.elementor-size-medium{font-size:19px}.elementor-widget-heading .elementor-heading-title.elementor-size-large{font-size:29px}.elementor-widget-heading .elementor-heading-title.elementor-size-xl{font-size:39px}.elementor-widget-heading .elementor-heading-title.elementor-size-xxl{font-size:59px}<\/style><h2 class=\"elementor-heading-title elementor-size-default\">\u0410\u0442\u0430\u0442\u0440\u0430\u043d\u0441 \u041d\u043e\u0432\u043e\u0441\u0442\u0438<\/h2>\t\t<\/div>\n\t\t\t\t<\/div>\n\t\t\t\t<div class=\"elementor-element elementor-element-7c08591f elementor-widget elementor-widget-heading\" data-id=\"7c08591f\" data-element_type=\"widget\" data-widget_type=\"heading.default\">\n\t\t\t\t<div class=\"elementor-widget-container\">\n\t\t\t<h2 class=\"elementor-heading-title elementor-size-default\">\u0427\u0442\u043e \u043d\u0430 \u043f\u043e\u0432\u0435\u0441\u0442\u043a\u0435 \u0434\u043d\u044f?<\/h2>\t\t<\/div>\n\t\t\t\t<\/div>\n\t\t\t\t\t<\/div>\n\t\t<\/div>\n\t\t\t\t\t\t\t<\/div>\n\t\t<\/section>\n\t\t\t\t<section class=\"elementor-section elementor-top-section elementor-element elementor-element-29a52d8 elementor-section-boxed elementor-section-height-default elementor-section-height-default\" data-id=\"29a52d8\" data-element_type=\"section\">\n\t\t\t\t\t\t<div class=\"elementor-container elementor-column-gap-default\">\n\t\t\t\t\t<div class=\"elementor-column elementor-col-100 elementor-top-column elementor-element elementor-element-5fac269\" data-id=\"5fac269\" data-element_type=\"column\">\n\t\t\t<div class=\"elementor-widget-wrap elementor-element-populated\">\n\t\t\t\t\t\t\t\t<div class=\"elementor-element elementor-element-4054f9d elementor-widget elementor-widget-elementskit-blog-posts\" data-id=\"4054f9d\" data-element_type=\"widget\" data-widget_type=\"elementskit-blog-posts.default\">\n\t\t\t\t<div class=\"elementor-widget-container\">\n\t\t\t<div class=\"ekit-wid-con\" >        <div id=\"post-items--4054f9d\" class=\"row post-items\">\n                <\/div>\n       <\/div>\t\t<\/div>\n\t\t\t\t<\/div>\n\t\t\t\t\t<\/div>\n\t\t<\/div>\n\t\t\t\t\t\t\t<\/div>\n\t\t<\/section>\n\t\t\t\t\t\t\t<\/div>\n\t\t","protected":false},"excerpt":{"rendered":"<p>\u0410\u0442\u0430\u0442\u0440\u0430\u043d\u0441 \u041d\u043e\u0432\u043e\u0441\u0442\u0438 \u0427\u0442\u043e \u043d\u0430 \u043f\u043e\u0432\u0435\u0441\u0442\u043a\u0435 \u0434\u043d\u044f? Milli ve G\u00fcmr\u00fckl\u00fc Depolama Hizmetleri M\u0130LL\u0130 ve g\u00fcmr\u00fckl\u00fc DEPO H\u0130ZMETLER\u0130 AtaTrans, Sekt\u00f6rel alanda k\u00f6kl\u00fc tecr\u00fcbeleri ve uzman operasyonel g\u00fcc\u00fcyle \u00f6zel olarak ayr\u0131lm\u0131\u015f alanlarda, \u00fcr\u00fcnler (d\u00f6kme, maden, blok mermer, demir \u00e7elik \u00fcr\u00fcnleri, balya, koli, big bag, rulo, paket sa\u00e7, vb..) gerek milli gerek g\u00fcmr\u00fckl\u00fc depolarda istiflemekte ve m\u00fc\u015fterilerin taleplerine istinaden, [&hellip;]<\/p>\n","protected":false},"author":1,"featured_media":0,"parent":0,"menu_order":0,"comment_status":"closed","ping_status":"closed","template":"","meta":{"footnotes":""},"class_list":["post-2516","page","type-page","status-publish","hentry"],"yoast_head":"<!-- This site is optimized with the Yoast SEO Premium plugin v20.2.1 (Yoast SEO v20.3) - https:\/\/yoast.com\/wordpress\/plugins\/seo\/ -->\n<title>Haberler\/G\u00fcndem - RU - Atatrans Logistics XR<\/title>\n<meta name=\"robots\" content=\"index, follow, max-snippet:-1, max-image-preview:large, max-video-preview:-1\" \/>\n<link rel=\"canonical\" href=\"https:\/\/atatranslogistics.com\/ru\/haberler-gundem-ru\/\" \/>\n<meta property=\"og:locale\" content=\"ru_RU\" \/>\n<meta property=\"og:type\" content=\"article\" \/>\n<meta property=\"og:title\" content=\"Haberler\/G\u00fcndem - RU - Atatrans Logistics XR\" \/>\n<meta property=\"og:description\" content=\"\u0410\u0442\u0430\u0442\u0440\u0430\u043d\u0441 \u041d\u043e\u0432\u043e\u0441\u0442\u0438 \u0427\u0442\u043e \u043d\u0430 \u043f\u043e\u0432\u0435\u0441\u0442\u043a\u0435 \u0434\u043d\u044f? Milli ve G\u00fcmr\u00fckl\u00fc Depolama Hizmetleri M\u0130LL\u0130 ve g\u00fcmr\u00fckl\u00fc DEPO H\u0130ZMETLER\u0130 AtaTrans, Sekt\u00f6rel alanda k\u00f6kl\u00fc tecr\u00fcbeleri ve uzman operasyonel g\u00fcc\u00fcyle \u00f6zel olarak ayr\u0131lm\u0131\u015f alanlarda, \u00fcr\u00fcnler (d\u00f6kme, maden, blok mermer, demir \u00e7elik \u00fcr\u00fcnleri, balya, koli, big bag, rulo, paket sa\u00e7, vb..) gerek milli gerek g\u00fcmr\u00fckl\u00fc depolarda istiflemekte ve m\u00fc\u015fterilerin taleplerine istinaden, [&hellip;]\" \/>\n<meta property=\"og:url\" content=\"https:\/\/atatranslogistics.com\/ru\/haberler-gundem-ru\/\" \/>\n<meta property=\"og:site_name\" content=\"Atatrans Logistics XR\" \/>\n<meta property=\"article:modified_time\" content=\"2023-03-20T20:23:08+00:00\" \/>\n<meta name=\"twitter:card\" content=\"summary_large_image\" \/>\n<script type=\"application\/ld+json\" class=\"yoast-schema-graph\">{\"@context\":\"https:\/\/schema.org\",\"@graph\":[{\"@type\":\"WebPage\",\"@id\":\"https:\/\/atatranslogistics.com\/ru\/haberler-gundem-ru\/\",\"url\":\"https:\/\/atatranslogistics.com\/ru\/haberler-gundem-ru\/\",\"name\":\"Haberler\/G\u00fcndem - RU - Atatrans Logistics XR\",\"isPartOf\":{\"@id\":\"https:\/\/atatranslogistics.com\/ru\/#website\"},\"datePublished\":\"2023-02-25T09:03:36+00:00\",\"dateModified\":\"2023-03-20T20:23:08+00:00\",\"inLanguage\":\"ru-RU\",\"potentialAction\":[{\"@type\":\"ReadAction\",\"target\":[\"https:\/\/atatranslogistics.com\/ru\/haberler-gundem-ru\/\"]}]},{\"@type\":\"WebSite\",\"@id\":\"https:\/\/atatranslogistics.com\/ru\/#website\",\"url\":\"https:\/\/atatranslogistics.com\/ru\/\",\"name\":\"Atatrans Logistics XR\",\"description\":\"\",\"potentialAction\":[{\"@type\":\"SearchAction\",\"target\":{\"@type\":\"EntryPoint\",\"urlTemplate\":\"https:\/\/atatranslogistics.com\/ru\/?s={search_term_string}\"},\"query-input\":\"required name=search_term_string\"}],\"inLanguage\":\"ru-RU\"}]}<\/script>\n<!-- \/ Yoast SEO Premium plugin. -->","yoast_head_json":{"title":"Haberler\/G\u00fcndem - RU - Atatrans Logistics XR","robots":{"index":"index","follow":"follow","max-snippet":"max-snippet:-1","max-image-preview":"max-image-preview:large","max-video-preview":"max-video-preview:-1"},"canonical":"https:\/\/atatranslogistics.com\/ru\/haberler-gundem-ru\/","og_locale":"ru_RU","og_type":"article","og_title":"Haberler\/G\u00fcndem - RU - Atatrans Logistics XR","og_description":"\u0410\u0442\u0430\u0442\u0440\u0430\u043d\u0441 \u041d\u043e\u0432\u043e\u0441\u0442\u0438 \u0427\u0442\u043e \u043d\u0430 \u043f\u043e\u0432\u0435\u0441\u0442\u043a\u0435 \u0434\u043d\u044f? Milli ve G\u00fcmr\u00fckl\u00fc Depolama Hizmetleri M\u0130LL\u0130 ve g\u00fcmr\u00fckl\u00fc DEPO H\u0130ZMETLER\u0130 AtaTrans, Sekt\u00f6rel alanda k\u00f6kl\u00fc tecr\u00fcbeleri ve uzman operasyonel g\u00fcc\u00fcyle \u00f6zel olarak ayr\u0131lm\u0131\u015f alanlarda, \u00fcr\u00fcnler (d\u00f6kme, maden, blok mermer, demir \u00e7elik \u00fcr\u00fcnleri, balya, koli, big bag, rulo, paket sa\u00e7, vb..) gerek milli gerek g\u00fcmr\u00fckl\u00fc depolarda istiflemekte ve m\u00fc\u015fterilerin taleplerine istinaden, [&hellip;]","og_url":"https:\/\/atatranslogistics.com\/ru\/haberler-gundem-ru\/","og_site_name":"Atatrans Logistics XR","article_modified_time":"2023-03-20T20:23:08+00:00","twitter_card":"summary_large_image","schema":{"@context":"https:\/\/schema.org","@graph":[{"@type":"WebPage","@id":"https:\/\/atatranslogistics.com\/ru\/haberler-gundem-ru\/","url":"https:\/\/atatranslogistics.com\/ru\/haberler-gundem-ru\/","name":"Haberler\/G\u00fcndem - RU - Atatrans Logistics XR","isPartOf":{"@id":"https:\/\/atatranslogistics.com\/ru\/#website"},"datePublished":"2023-02-25T09:03:36+00:00","dateModified":"2023-03-20T20:23:08+00:00","inLanguage":"ru-RU","potentialAction":[{"@type":"ReadAction","target":["https:\/\/atatranslogistics.com\/ru\/haberler-gundem-ru\/"]}]},{"@type":"WebSite","@id":"https:\/\/atatranslogistics.com\/ru\/#website","url":"https:\/\/atatranslogistics.com\/ru\/","name":"Atatrans Logistics XR","description":"","potentialAction":[{"@type":"SearchAction","target":{"@type":"EntryPoint","urlTemplate":"https:\/\/atatranslogistics.com\/ru\/?s={search_term_string}"},"query-input":"required name=search_term_string"}],"inLanguage":"ru-RU"}]}},"_links":{"self":[{"href":"https:\/\/atatranslogistics.com\/ru\/wp-json\/wp\/v2\/pages\/2516","targetHints":{"allow":["GET"]}}],"collection":[{"href":"https:\/\/atatranslogistics.com\/ru\/wp-json\/wp\/v2\/pages"}],"about":[{"href":"https:\/\/atatranslogistics.com\/ru\/wp-json\/wp\/v2\/types\/page"}],"author":[{"embeddable":true,"href":"https:\/\/atatranslogistics.com\/ru\/wp-json\/wp\/v2\/users\/1"}],"replies":[{"embeddable":true,"href":"https:\/\/atatranslogistics.com\/ru\/wp-json\/wp\/v2\/comments?post=2516"}],"version-history":[{"count":1,"href":"https:\/\/atatranslogistics.com\/ru\/wp-json\/wp\/v2\/pages\/2516\/revisions"}],"predecessor-version":[{"id":2519,"href":"https:\/\/atatranslogistics.com\/ru\/wp-json\/wp\/v2\/pages\/2516\/revisions\/2519"}],"wp:attachment":[{"href":"https:\/\/atatranslogistics.com\/ru\/wp-json\/wp\/v2\/media?parent=2516"}],"curies":[{"name":"wp","href":"https:\/\/api.w.org\/{rel}","templated":true}]}}